{"id":2240,"date":"2024-07-19T20:03:03","date_gmt":"2024-07-19T18:03:03","guid":{"rendered":"https:\/\/www.mortelecque.com\/our-products\/"},"modified":"2025-02-19T12:04:15","modified_gmt":"2025-02-19T11:04:15","slug":"our-products","status":"publish","type":"page","link":"https:\/\/www.mortelecque.com\/en\/our-products\/","title":{"rendered":"Our products"},"content":{"rendered":"<section class=\"text-100\">\n\t<div class=\"container-small\">\n\t\t<div class=\"text-100__text\">\n\t\t\t<div class=\"wysiwyg\">\n\t\t\t\t<h1 style=\"text-align: center;\"><strong>Explore <span style=\"color: #e32823;\">our products<\/span> and optimize your installations.<\/strong><\/h1>\n<p style=\"text-align: center;\">Discover Mortelecque&#8217;s expertise in industrial filtration and dust collection. Combining innovation and tradition since 1830, Mortelecque provides tailor-made solutions to enhance your industrial processes while meeting environmental standards.<\/p>\n\n\t\t\t<\/div>\n\t\t<\/div>\n\t<\/div>\n<\/section>\n\n\n<section class=\"corner-our-products\">\n    <div class=\"container-medium\">\n        <div class=\"corner-our-products__list\">\n                            <div class=\"corner-our-products__item\">\n                    <div class=\"corner-our-products__item-thumbnail\"> \n                        <img decoding=\"async\" src=\"https:\/\/www.mortelecque.com\/wp-content\/uploads\/2025\/02\/toile-presse-bf-2.png\" alt=\"Filtration liquide\" srcset=\"https:\/\/www.mortelecque.com\/wp-content\/uploads\/2025\/02\/toile-presse-bf-2.png 3375w, https:\/\/www.mortelecque.com\/wp-content\/uploads\/2025\/02\/toile-presse-bf-2-300x300.png 300w, https:\/\/www.mortelecque.com\/wp-content\/uploads\/2025\/02\/toile-presse-bf-2-1024x1024.png 1024w, https:\/\/www.mortelecque.com\/wp-content\/uploads\/2025\/02\/toile-presse-bf-2-150x150.png 150w, https:\/\/www.mortelecque.com\/wp-content\/uploads\/2025\/02\/toile-presse-bf-2-768x768.png 768w, https:\/\/www.mortelecque.com\/wp-content\/uploads\/2025\/02\/toile-presse-bf-2-1536x1536.png 1536w, https:\/\/www.mortelecque.com\/wp-content\/uploads\/2025\/02\/toile-presse-bf-2-2048x2048.png 2048w\" sizes=\"(max-width: 3375px) 100vw, 3375px\"\/>\n                    <\/div>\n                    <div class=\"corner-our-products__item-content\">\n                        <h2 class=\"corner-our-products__item-title\">Filtration liquide<\/h2>\n                        <div class=\"corner-our-products__item-excerpt\">\n                            Optimisez vos proc\u00e9d\u00e9s industriels avec nos toiles filtrantes haute performance, adapt\u00e9es \u00e0 chaque besoin pour garantir puret\u00e9 et efficacit\u00e9.\n                        <\/div>\n                    <\/div>\n                    <a href=\"https:\/\/www.mortelecque.com\/nos-produits\/filtration-liquide\/\"><\/a>\n                <\/div>\n                            <div class=\"corner-our-products__item\">\n                    <div class=\"corner-our-products__item-thumbnail\"> \n                        <img decoding=\"async\" src=\"https:\/\/www.mortelecque.com\/wp-content\/uploads\/2024\/06\/manche-bf2.png\" alt=\"D\u00e9poussi\u00e9rage\" srcset=\"https:\/\/www.mortelecque.com\/wp-content\/uploads\/2024\/06\/manche-bf2.png 3375w, https:\/\/www.mortelecque.com\/wp-content\/uploads\/2024\/06\/manche-bf2-300x300.png 300w, https:\/\/www.mortelecque.com\/wp-content\/uploads\/2024\/06\/manche-bf2-1024x1024.png 1024w, https:\/\/www.mortelecque.com\/wp-content\/uploads\/2024\/06\/manche-bf2-150x150.png 150w, https:\/\/www.mortelecque.com\/wp-content\/uploads\/2024\/06\/manche-bf2-768x768.png 768w, https:\/\/www.mortelecque.com\/wp-content\/uploads\/2024\/06\/manche-bf2-1536x1536.png 1536w, https:\/\/www.mortelecque.com\/wp-content\/uploads\/2024\/06\/manche-bf2-2048x2048.png 2048w\" sizes=\"(max-width: 3375px) 100vw, 3375px\"\/>\n                    <\/div>\n                    <div class=\"corner-our-products__item-content\">\n                        <h2 class=\"corner-our-products__item-title\">D\u00e9poussi\u00e9rage<\/h2>\n                        <div class=\"corner-our-products__item-excerpt\">\n                            Prot\u00e9gez vos installations avec nos solutions sur mesure de d\u00e9poussi\u00e9rage, combinant performance et durabilit\u00e9 pour un air \u00e9pur\u00e9.\n                        <\/div>\n                    <\/div>\n                    <a href=\"https:\/\/www.mortelecque.com\/nos-produits\/depoussierage\/\"><\/a>\n                <\/div>\n                            <div class=\"corner-our-products__item\">\n                    <div class=\"corner-our-products__item-thumbnail\"> \n                        <img decoding=\"async\" src=\"https:\/\/www.mortelecque.com\/wp-content\/uploads\/2025\/02\/cone-aeroglissiere-bf2.png\" alt=\"A\u00e9roglissi\u00e8re\" srcset=\"https:\/\/www.mortelecque.com\/wp-content\/uploads\/2025\/02\/cone-aeroglissiere-bf2.png 3375w, https:\/\/www.mortelecque.com\/wp-content\/uploads\/2025\/02\/cone-aeroglissiere-bf2-300x300.png 300w, https:\/\/www.mortelecque.com\/wp-content\/uploads\/2025\/02\/cone-aeroglissiere-bf2-1024x1024.png 1024w, https:\/\/www.mortelecque.com\/wp-content\/uploads\/2025\/02\/cone-aeroglissiere-bf2-150x150.png 150w, https:\/\/www.mortelecque.com\/wp-content\/uploads\/2025\/02\/cone-aeroglissiere-bf2-768x768.png 768w, https:\/\/www.mortelecque.com\/wp-content\/uploads\/2025\/02\/cone-aeroglissiere-bf2-1536x1536.png 1536w, https:\/\/www.mortelecque.com\/wp-content\/uploads\/2025\/02\/cone-aeroglissiere-bf2-2048x2048.png 2048w\" sizes=\"(max-width: 3375px) 100vw, 3375px\"\/>\n                    <\/div>\n                    <div class=\"corner-our-products__item-content\">\n                        <h2 class=\"corner-our-products__item-title\">A\u00e9roglissi\u00e8re<\/h2>\n                        <div class=\"corner-our-products__item-excerpt\">\n                            Facilitez le transport et le d\u00e9chargement de vos poudres gr\u00e2ce \u00e0 nos toiles de fluidisation robustes et con\u00e7ues pour une longue dur\u00e9e de vie.\n                        <\/div>\n                    <\/div>\n                    <a href=\"https:\/\/www.mortelecque.com\/nos-produits\/aero\/\"><\/a>\n                <\/div>\n                            <div class=\"corner-our-products__item\">\n                    <div class=\"corner-our-products__item-thumbnail\"> \n                        <img decoding=\"async\" src=\"https:\/\/www.mortelecque.com\/wp-content\/uploads\/2024\/07\/photo-1-representation-service-gaine-e1740730588637.jpg\" alt=\"Gaines textiles\" srcset=\"https:\/\/www.mortelecque.com\/wp-content\/uploads\/2024\/07\/photo-1-representation-service-gaine-e1740730588637.jpg 1200w, https:\/\/www.mortelecque.com\/wp-content\/uploads\/2024\/07\/photo-1-representation-service-gaine-e1740730588637-300x199.jpg 300w, https:\/\/www.mortelecque.com\/wp-content\/uploads\/2024\/07\/photo-1-representation-service-gaine-e1740730588637-1024x680.jpg 1024w, https:\/\/www.mortelecque.com\/wp-content\/uploads\/2024\/07\/photo-1-representation-service-gaine-e1740730588637-768x510.jpg 768w\" sizes=\"(max-width: 1200px) 100vw, 1200px\"\/>\n                    <\/div>\n                    <div class=\"corner-our-products__item-content\">\n                        <h2 class=\"corner-our-products__item-title\">Gaines textiles<\/h2>\n                        <div class=\"corner-our-products__item-excerpt\">\n                            Diffusez l\u2019air de fa\u00e7on homog\u00e8ne et contr\u00f4l\u00e9e avec nos gaines textiles sur mesure, adapt\u00e9es \u00e0 tous vos environnements industriels.\n                        <\/div>\n                    <\/div>\n                    <a href=\"https:\/\/www.mortelecque.com\/nos-produits\/nos-gaines-textiles\/\"><\/a>\n                <\/div>\n                    <\/div>\n    <\/div>\n<\/section>\n\n","protected":false},"excerpt":{"rendered":"","protected":false},"author":1,"featured_media":0,"parent":0,"menu_order":10,"comment_status":"closed","ping_status":"closed","template":"","meta":{"_acf_changed":false,"inline_featured_image":false,"footnotes":""},"class_list":["post-2240","page","type-page","status-publish","hentry"],"acf":[],"yoast_head":"<!-- This site is optimized with the Yoast SEO plugin v27.2 - https:\/\/yoast.com\/product\/yoast-seo-wordpress\/ -->\n<title>Our filtration products<\/title>\n<meta name=\"description\" content=\"Discover our full range of liquid filtration solutions, dust collection systems, and textile ducts. Contact us for a quote!\" \/>\n<meta name=\"robots\" content=\"index, follow, max-snippet:-1, max-image-preview:large, max-video-preview:-1\" \/>\n<link rel=\"canonical\" href=\"https:\/\/www.mortelecque.com\/en\/our-products\/\" \/>\n<meta property=\"og:locale\" content=\"en_US\" \/>\n<meta property=\"og:type\" content=\"article\" \/>\n<meta property=\"og:title\" content=\"Our filtration products\" \/>\n<meta property=\"og:description\" content=\"Discover our full range of liquid filtration solutions, dust collection systems, and textile ducts. Contact us for a quote!\" \/>\n<meta property=\"og:url\" content=\"https:\/\/www.mortelecque.com\/en\/our-products\/\" \/>\n<meta property=\"og:site_name\" content=\"Mortelecque\" \/>\n<meta property=\"article:modified_time\" content=\"2025-02-19T11:04:15+00:00\" \/>\n<meta name=\"twitter:card\" content=\"summary_large_image\" \/>\n<meta name=\"twitter:label1\" content=\"Est. reading time\" \/>\n\t<meta name=\"twitter:data1\" content=\"1 minute\" \/>\n<script type=\"application\/ld+json\" class=\"yoast-schema-graph\">{\"@context\":\"https:\/\/schema.org\",\"@graph\":[{\"@type\":\"WebPage\",\"@id\":\"https:\/\/www.mortelecque.com\/en\/our-products\/\",\"url\":\"https:\/\/www.mortelecque.com\/en\/our-products\/\",\"name\":\"Our filtration products\",\"isPartOf\":{\"@id\":\"https:\/\/www.mortelecque.com\/#website\"},\"datePublished\":\"2024-07-19T18:03:03+00:00\",\"dateModified\":\"2025-02-19T11:04:15+00:00\",\"description\":\"Discover our full range of liquid filtration solutions, dust collection systems, and textile ducts. Contact us for a quote!\",\"breadcrumb\":{\"@id\":\"https:\/\/www.mortelecque.com\/en\/our-products\/#breadcrumb\"},\"inLanguage\":\"en-US\",\"potentialAction\":[{\"@type\":\"ReadAction\",\"target\":[\"https:\/\/www.mortelecque.com\/en\/our-products\/\"]}]},{\"@type\":\"BreadcrumbList\",\"@id\":\"https:\/\/www.mortelecque.com\/en\/our-products\/#breadcrumb\",\"itemListElement\":[{\"@type\":\"ListItem\",\"position\":1,\"name\":\"Accueil\",\"item\":\"https:\/\/www.mortelecque.com\/\"},{\"@type\":\"ListItem\",\"position\":2,\"name\":\"Our products\"}]},{\"@type\":\"WebSite\",\"@id\":\"https:\/\/www.mortelecque.com\/#website\",\"url\":\"https:\/\/www.mortelecque.com\/\",\"name\":\"Mortelecque\",\"description\":\"\",\"publisher\":{\"@id\":\"https:\/\/www.mortelecque.com\/#organization\"},\"potentialAction\":[{\"@type\":\"SearchAction\",\"target\":{\"@type\":\"EntryPoint\",\"urlTemplate\":\"https:\/\/www.mortelecque.com\/?s={search_term_string}\"},\"query-input\":{\"@type\":\"PropertyValueSpecification\",\"valueRequired\":true,\"valueName\":\"search_term_string\"}}],\"inLanguage\":\"en-US\"},{\"@type\":\"Organization\",\"@id\":\"https:\/\/www.mortelecque.com\/#organization\",\"name\":\"Mortelecque\",\"url\":\"https:\/\/www.mortelecque.com\/\",\"logo\":{\"@type\":\"ImageObject\",\"inLanguage\":\"en-US\",\"@id\":\"https:\/\/www.mortelecque.com\/#\/schema\/logo\/image\/\",\"url\":\"https:\/\/www.mortelecque.com\/wp-content\/uploads\/2023\/07\/logo-client.svg\",\"contentUrl\":\"https:\/\/www.mortelecque.com\/wp-content\/uploads\/2023\/07\/logo-client.svg\",\"width\":98,\"height\":70,\"caption\":\"Mortelecque\"},\"image\":{\"@id\":\"https:\/\/www.mortelecque.com\/#\/schema\/logo\/image\/\"}}]}<\/script>\n<!-- \/ Yoast SEO plugin. -->","yoast_head_json":{"title":"Our filtration products","description":"Discover our full range of liquid filtration solutions, dust collection systems, and textile ducts. Contact us for a quote!","robots":{"index":"index","follow":"follow","max-snippet":"max-snippet:-1","max-image-preview":"max-image-preview:large","max-video-preview":"max-video-preview:-1"},"canonical":"https:\/\/www.mortelecque.com\/en\/our-products\/","og_locale":"en_US","og_type":"article","og_title":"Our filtration products","og_description":"Discover our full range of liquid filtration solutions, dust collection systems, and textile ducts. Contact us for a quote!","og_url":"https:\/\/www.mortelecque.com\/en\/our-products\/","og_site_name":"Mortelecque","article_modified_time":"2025-02-19T11:04:15+00:00","twitter_card":"summary_large_image","twitter_misc":{"Est. reading time":"1 minute"},"schema":{"@context":"https:\/\/schema.org","@graph":[{"@type":"WebPage","@id":"https:\/\/www.mortelecque.com\/en\/our-products\/","url":"https:\/\/www.mortelecque.com\/en\/our-products\/","name":"Our filtration products","isPartOf":{"@id":"https:\/\/www.mortelecque.com\/#website"},"datePublished":"2024-07-19T18:03:03+00:00","dateModified":"2025-02-19T11:04:15+00:00","description":"Discover our full range of liquid filtration solutions, dust collection systems, and textile ducts. Contact us for a quote!","breadcrumb":{"@id":"https:\/\/www.mortelecque.com\/en\/our-products\/#breadcrumb"},"inLanguage":"en-US","potentialAction":[{"@type":"ReadAction","target":["https:\/\/www.mortelecque.com\/en\/our-products\/"]}]},{"@type":"BreadcrumbList","@id":"https:\/\/www.mortelecque.com\/en\/our-products\/#breadcrumb","itemListElement":[{"@type":"ListItem","position":1,"name":"Accueil","item":"https:\/\/www.mortelecque.com\/"},{"@type":"ListItem","position":2,"name":"Our products"}]},{"@type":"WebSite","@id":"https:\/\/www.mortelecque.com\/#website","url":"https:\/\/www.mortelecque.com\/","name":"Mortelecque","description":"","publisher":{"@id":"https:\/\/www.mortelecque.com\/#organization"},"potentialAction":[{"@type":"SearchAction","target":{"@type":"EntryPoint","urlTemplate":"https:\/\/www.mortelecque.com\/?s={search_term_string}"},"query-input":{"@type":"PropertyValueSpecification","valueRequired":true,"valueName":"search_term_string"}}],"inLanguage":"en-US"},{"@type":"Organization","@id":"https:\/\/www.mortelecque.com\/#organization","name":"Mortelecque","url":"https:\/\/www.mortelecque.com\/","logo":{"@type":"ImageObject","inLanguage":"en-US","@id":"https:\/\/www.mortelecque.com\/#\/schema\/logo\/image\/","url":"https:\/\/www.mortelecque.com\/wp-content\/uploads\/2023\/07\/logo-client.svg","contentUrl":"https:\/\/www.mortelecque.com\/wp-content\/uploads\/2023\/07\/logo-client.svg","width":98,"height":70,"caption":"Mortelecque"},"image":{"@id":"https:\/\/www.mortelecque.com\/#\/schema\/logo\/image\/"}}]}},"_links":{"self":[{"href":"https:\/\/www.mortelecque.com\/en\/wp-json\/wp\/v2\/pages\/2240","targetHints":{"allow":["GET"]}}],"collection":[{"href":"https:\/\/www.mortelecque.com\/en\/wp-json\/wp\/v2\/pages"}],"about":[{"href":"https:\/\/www.mortelecque.com\/en\/wp-json\/wp\/v2\/types\/page"}],"author":[{"embeddable":true,"href":"https:\/\/www.mortelecque.com\/en\/wp-json\/wp\/v2\/users\/1"}],"replies":[{"embeddable":true,"href":"https:\/\/www.mortelecque.com\/en\/wp-json\/wp\/v2\/comments?post=2240"}],"version-history":[{"count":6,"href":"https:\/\/www.mortelecque.com\/en\/wp-json\/wp\/v2\/pages\/2240\/revisions"}],"predecessor-version":[{"id":2247,"href":"https:\/\/www.mortelecque.com\/en\/wp-json\/wp\/v2\/pages\/2240\/revisions\/2247"}],"wp:attachment":[{"href":"https:\/\/www.mortelecque.com\/en\/wp-json\/wp\/v2\/media?parent=2240"}],"curies":[{"name":"wp","href":"https:\/\/api.w.org\/{rel}","templated":true}]}}